{"id":69,"date":"2022-10-27T17:49:08","date_gmt":"2022-10-27T15:49:08","guid":{"rendered":"https:\/\/www.salondunkel.de\/?page_id=69"},"modified":"2023-01-02T12:00:45","modified_gmt":"2023-01-02T11:00:45","slug":"ueber-uns","status":"publish","type":"page","link":"https:\/\/www.salondunkel.de\/?page_id=69","title":{"rendered":"\u00dcber uns"},"content":{"rendered":"\n  \n    \n    <section class=\"u-clearfix u-custom-color-2 u-section-2\" id=\"sec-2b4e\">\n      <div class=\"u-clearfix u-sheet u-valign-middle u-sheet-1\">\n        <img decoding=\"async\" class=\"u-expanded-width u-image u-image-default u-image-1\" src=\"https:\/\/www.salondunkel.de\/wp-content\/uploads\/2022\/10\/damen_frisuren-01.jpg\" alt=\"\" data-image-width=\"1180\" data-image-height=\"348\">\n      <\/div>\n    <\/section>\n    <section class=\"u-clearfix u-custom-color-2 u-section-3\" id=\"sec-05dd\">\n      <div class=\"u-clearfix u-sheet u-sheet-1\">\n        <p class=\"u-align-center u-custom-font u-font-montserrat u-text u-text-default u-text-1\">\n          <span style=\"font-size: 2.25rem; font-weight: 700;\" class=\"u-text-palette-2-base\"> Haareschneiden ist f\u00fcr uns nicht nur ein Handwerk - sondern pure Passion<\/span>\n          <br>\n          <br>\n          <span style=\"font-size: 1.25rem;\">Frisuren sind heute im Beruf und Gesellschaft neben Kleidung und Accessoires ein wichtiges Element Ihrer Pers\u00f6nlichkeit. Seit 2007 steht Sandra Dunkel mit Ihrem sympathischen Team hinter der Philosophie&nbsp; Handwerk und K\u00f6nnen fachgerecht umzusetzen. Aufgrund unserer kompetenten Beratung in Schnitt, Farbe, Pflege und Styling geben wir Ihnen die Sicherheit, dass Ihre Frisur auch zu Hause schnell und einfach frisiert werden kann.<\/span>\n        <\/p>\n      <\/div>\n    <\/section>\n    <section class=\"u-clearfix u-section-4\" id=\"sec-82e9\">\n      <div class=\"u-clearfix u-sheet u-valign-middle u-sheet-1\">\n        <p class=\"u-align-center u-custom-font u-font-montserrat u-text u-text-default u-text-1\">\n          <span style=\"font-size: 2.25rem;\" class=\"u-text-palette-2-base\"> Das Team von Salon Dunkel hei\u00dft Sie Herzlich willkommen<\/span>\n          <br>\n          <br>DER FRISEURBERUF IST EINE KUNST - EINE F\u00c4HIGKEIT,DIE NIEMALS VON MASCHINEN ERSETZT WERDEN KANN. UM DIESE KUNST AUSZU\u00dcBEN; BEDARF ES IMMER DER H\u00c4NDE UND DER LEIDENSCHAFT EINES K\u00dcNSTLERS :&nbsp;<span style=\"font-weight: 700;\">DEM FRISEUR<\/span>\n        <\/p>\n      <\/div>\n    <\/section>\n    <section class=\"u-clearfix u-section-5\" id=\"sec-c833\">\n      <div class=\"u-clearfix u-sheet u-sheet-1\">\n        <div class=\"u-clearfix u-expanded-width u-gutter-0 u-layout-wrap u-layout-wrap-1\">\n          <div class=\"u-layout\">\n            <div class=\"u-layout-col\">\n              <div class=\"u-size-20\">\n                <div class=\"u-layout-row\">\n                  <div class=\"u-align-center u-container-style u-layout-cell u-size-15 u-size-30-md u-layout-cell-1\">\n                    <div class=\"u-container-layout u-valign-top u-container-layout-1\">\n                      <img decoding=\"async\" class=\"u-expanded-width u-image u-image-default u-image-1\" src=\"https:\/\/www.salondunkel.de\/wp-content\/uploads\/2022\/10\/sandra-large.png\" alt=\"\" data-image-width=\"373\" data-image-height=\"466\">\n                      <p class=\"u-custom-font u-font-montserrat u-text u-text-default u-text-1\"> ICH BIN SCH\u00d6NF\u00c4RBER, GL\u00dcCKLICHMACHER, PARTYRETTER UND WELLENGL\u00c4TTER<\/p>\n                    <\/div>\n                  <\/div>\n                  <div class=\"u-align-center u-container-style u-layout-cell u-size-15 u-size-30-md u-layout-cell-2\">\n                    <div class=\"u-container-layout u-container-layout-2\">\n                      <img decoding=\"async\" class=\"u-expanded-width-xl u-image u-image-contain u-image-default u-image-2\" src=\"https:\/\/www.salondunkel.de\/wp-content\/uploads\/2022\/10\/love-hair-large.png\" alt=\"\" data-image-width=\"364\" data-image-height=\"460\">\n                      <p class=\"u-custom-font u-font-montserrat u-text u-text-2\"> WENN DU EINE PECHSTR\u00c4HNE HAST - KOMM VORBEI - ICH F\u00c4RBE SIE UM'<\/p>\n                    <\/div>\n                  <\/div>\n                  <div class=\"u-align-center u-container-style u-layout-cell u-size-15 u-size-30-md u-layout-cell-3\">\n                    <div class=\"u-container-layout u-valign-top-lg u-valign-top-md u-valign-top-xl u-container-layout-3\">\n                      <img decoding=\"async\" class=\"u-expanded-width u-image u-image-default u-image-3\" src=\"https:\/\/www.salondunkel.de\/wp-content\/uploads\/2022\/10\/sabine-large.png\" alt=\"\" data-image-width=\"373\" data-image-height=\"466\">\n                      <p class=\"u-custom-font u-font-montserrat u-text u-text-default u-text-3\"> GL\u00dcCK KANN MAN SEHR WOHL MIT GELD KAUFEN UND ZWAR MIT EINEM FRISEURTERMIN<\/p>\n                    <\/div>\n                  <\/div>\n                  <div class=\"u-align-center u-container-style u-layout-cell u-size-15 u-size-30-md u-layout-cell-4\">\n                    <div class=\"u-container-layout u-container-layout-4\">\n                      <img decoding=\"async\" class=\"u-expanded-width u-image u-image-contain u-image-default u-image-4\" src=\"https:\/\/www.salondunkel.de\/wp-content\/uploads\/2022\/10\/love-hair-large.png\" alt=\"\" data-image-width=\"364\" data-image-height=\"460\">\n                      <lt-highlighter style=\"display: none; z-index: 1 !important;\">\n                        <lt-div spellcheck=\"false\" class=\"lt-highlighter__wrapper\" style=\"width: 193px; height: 102px; transform: none !important; transform-origin: 96.375px 51.2px 0px !important; margin-top: -17px; margin-left: 26px;\">\n                          <lt-div class=\"lt-highlighter__scroll-element\" style=\"top: 0px; left: 0px; width: 193px; height: 102px;\"><\/lt-div>\n                        <\/lt-div>\n                      <\/lt-highlighter>\n                      <p class=\"u-custom-font u-font-montserrat u-text u-text-default u-text-4\"> Liebe Kunden,<br>\n                        <br>wir w\u00fcnschen Ihnen ein<br>gutes neues Jahr 2023<br>\n                      <\/p>\n                    <\/div>\n                  <\/div>\n                <\/div>\n              <\/div>\n              <div class=\"u-size-20\">\n                <div class=\"u-layout-row\">\n                  <div class=\"u-align-center u-container-style u-layout-cell u-size-15 u-size-30-md u-layout-cell-5\">\n                    <div class=\"u-container-layout u-valign-top-lg u-valign-top-md u-valign-top-xl u-container-layout-5\">\n                      <img decoding=\"async\" class=\"u-expanded-width u-image u-image-default u-image-5\" src=\"https:\/\/www.salondunkel.de\/wp-content\/uploads\/2022\/10\/ute-large.png\" alt=\"\" data-image-width=\"373\" data-image-height=\"466\">\n                      <p class=\"u-custom-font u-font-montserrat u-text u-text-default u-text-5\"> EINE BEZIEHUNG ZU DEINEM FRISEUR IST WIE HAARSPRAY - PERFEKTER HALT OHNE ZU VERKLEBEN<\/p>\n                    <\/div>\n                  <\/div>\n                  <div class=\"u-container-style u-layout-cell u-size-15 u-size-30-md u-layout-cell-6\">\n                    <div class=\"u-container-layout u-valign-top-lg u-valign-top-md u-valign-top-sm u-valign-top-xl u-container-layout-6\">\n                      <img decoding=\"async\" class=\"u-expanded-width u-image u-image-default u-image-6\" src=\"https:\/\/www.salondunkel.de\/wp-content\/uploads\/2022\/10\/menschen.png\" alt=\"\" data-image-width=\"282\" data-image-height=\"461\">\n                    <\/div>\n                  <\/div>\n                  <div class=\"u-align-center u-container-style u-layout-cell u-size-15 u-size-30-md u-layout-cell-7\">\n                    <div class=\"u-container-layout u-container-layout-7\">\n                      <img decoding=\"async\" class=\"u-expanded-width-lg u-expanded-width-md u-expanded-width-sm u-expanded-width-xs u-image u-image-contain u-image-default u-image-7\" src=\"https:\/\/www.salondunkel.de\/wp-content\/uploads\/2022\/10\/love-hair-large.png\" alt=\"\" data-image-width=\"364\" data-image-height=\"460\">\n                      <p class=\"u-custom-font u-font-montserrat u-text u-text-default-lg u-text-default-md u-text-default-xl u-text-6\"> TRINKGELD IST GUT F\u00dcR DEIN KARMA<\/p>\n                    <\/div>\n                  <\/div>\n                  <div class=\"u-container-style u-layout-cell u-size-15 u-size-30-md u-layout-cell-8\">\n                    <div class=\"u-container-layout u-valign-top u-container-layout-8\">\n                      <img decoding=\"async\" class=\"u-expanded-width u-image u-image-default u-image-8\" src=\"https:\/\/www.salondunkel.de\/wp-content\/uploads\/2022\/10\/hairstylist.png\" alt=\"\" data-image-width=\"282\" data-image-height=\"461\">\n                    <\/div>\n                  <\/div>\n                <\/div>\n              <\/div>\n              <div class=\"u-size-20\">\n                <div class=\"u-layout-row\">\n                  <div class=\"u-align-center u-container-style u-grey-70 u-layout-cell u-size-15 u-size-30-md u-layout-cell-9\">\n                    <div class=\"u-container-layout u-container-layout-9\">\n                      <p class=\"u-custom-font u-font-montserrat u-text u-text-7\"> Investiere in<br>\n                        <br>\n                        <span class=\"u-text-palette-3-base\">Deine Haare<\/span>\n                        <br>\n                        <br>Du tr\u00e4gst sie<br>jeden Tag \n                      <\/p>\n                      <img decoding=\"async\" class=\"u-image u-image-default u-image-9\" src=\"https:\/\/www.salondunkel.de\/wp-content\/uploads\/2022\/10\/salon-dunkel-logo-footer-150-1.png\" alt=\"\" data-image-width=\"316\" data-image-height=\"143\">\n                    <\/div>\n                  <\/div>\n                  <div class=\"u-align-center u-container-style u-layout-cell u-size-15 u-size-30-md u-layout-cell-10\">\n                    <div class=\"u-container-layout u-container-layout-10\">\n                      <img decoding=\"async\" class=\"u-expanded-width u-image u-image-contain u-image-default u-image-10\" src=\"https:\/\/www.salondunkel.de\/wp-content\/uploads\/2022\/10\/love-hair-large.png\" alt=\"\" data-image-width=\"364\" data-image-height=\"460\">\n                      <p class=\"u-custom-font u-font-montserrat u-text u-text-default u-text-8\"> DAS WERKZEUG ERFOLGREICHER FRISEURE IST NICHT DIE SCHERE;<br>SONDERN DER KOPF \n                      <\/p>\n                    <\/div>\n                  <\/div>\n                  <div class=\"u-align-center u-container-style u-layout-cell u-size-15 u-size-30-md u-layout-cell-11\">\n                    <div class=\"u-container-layout u-container-layout-11\">\n                      <p class=\"u-custom-font u-font-montserrat u-text u-text-default u-text-9\"> ICH SCHNEIDE KEINE HAARE - ICH RETTE DEIN N\u00c4CHSTES DATE<\/p>\n                      <img decoding=\"async\" class=\"u-expanded-width-xl u-image u-image-contain u-image-default u-image-11\" src=\"https:\/\/www.salondunkel.de\/wp-content\/uploads\/2022\/10\/love-hair-large.png\" alt=\"\" data-image-width=\"364\" data-image-height=\"460\">\n                    <\/div>\n                  <\/div>\n                  <div class=\"u-align-center u-container-style u-grey-70 u-layout-cell u-size-15 u-size-30-md u-layout-cell-12\">\n                    <div class=\"u-container-layout u-container-layout-12\">\n                      <p class=\"u-custom-font u-font-montserrat u-text u-text-10\"> Und am 8. Tag<br>schuf Gott den<br>\n                        <br>\n                        <span class=\"u-text-palette-3-base\">Friseur<\/span>\n                        <br>\n                        <br>und er sah,<br>das es gut war \n                      <\/p>\n                      <img decoding=\"async\" class=\"u-image u-image-default u-image-12\" src=\"https:\/\/www.salondunkel.de\/wp-content\/uploads\/2022\/10\/salon-dunkel-logo-footer-150-1.png\" alt=\"\" data-image-width=\"316\" data-image-height=\"143\">\n                    <\/div>\n                  <\/div>\n                <\/div>\n              <\/div>\n            <\/div>\n          <\/div>\n        <\/div>\n      <\/div>\n    <\/section>\n    <section class=\"u-clearfix u-container-align-center u-image u-section-6\" id=\"sec-75c5\" data-image-width=\"1280\" data-image-height=\"890\" style=\"background-image: url(&quot;https:\/\/www.salondunkel.de\/wp-content\/uploads\/2022\/10\/background-1280-large.png&quot;);\">\n      <div class=\"u-clearfix u-sheet u-sheet-1\">\n        <div class=\"u-clearfix u-expanded-width u-layout-wrap u-layout-wrap-1\">\n          <div class=\"u-layout\">\n            <div class=\"u-layout-col\">\n              <div class=\"u-size-30\">\n                <div class=\"u-layout-row\">\n                  <div class=\"u-container-style u-layout-cell u-size-20 u-layout-cell-1\">\n                    <div class=\"u-container-layout u-container-layout-1\">\n                      <img decoding=\"async\" class=\"u-image u-image-contain u-image-1\" src=\"https:\/\/www.salondunkel.de\/wp-content\/uploads\/2022\/10\/olaplex-logo-weiss-large.png\" data-image-width=\"2048\" data-image-height=\"488\">\n                    <\/div>\n                  <\/div>\n                  <div class=\"u-container-style u-layout-cell u-size-20 u-layout-cell-2\">\n                    <div class=\"u-container-layout u-container-layout-2\">\n                      <img decoding=\"async\" class=\"u-expanded-width-lg u-expanded-width-md u-expanded-width-xl u-image u-image-default u-image-2\" src=\"https:\/\/www.salondunkel.de\/wp-content\/uploads\/2022\/10\/goldwell-logoweiss-large.png\" alt=\"\" data-image-width=\"1582\" data-image-height=\"180\">\n                    <\/div>\n                  <\/div>\n                  <div class=\"u-container-style u-layout-cell u-size-20 u-layout-cell-3\">\n                    <div class=\"u-container-layout u-valign-top-lg u-valign-top-md u-valign-top-xl u-container-layout-3\">\n                      <img decoding=\"async\" class=\"u-image u-image-contain u-image-default u-image-3\" src=\"https:\/\/www.salondunkel.de\/wp-content\/uploads\/2022\/10\/glynt_logo_negativ_300-large.png\" alt=\"\" data-image-width=\"300\" data-image-height=\"136\">\n                    <\/div>\n                  <\/div>\n                <\/div>\n              <\/div>\n              <div class=\"u-size-30\">\n                <div class=\"u-layout-row\">\n                  <div class=\"u-container-style u-layout-cell u-size-20 u-layout-cell-4\">\n                    <div class=\"u-container-layout u-valign-top-lg u-valign-top-md u-valign-top-xl u-container-layout-4\">\n                      <img decoding=\"async\" class=\"u-image u-image-contain u-image-default u-image-4\" src=\"https:\/\/www.salondunkel.de\/wp-content\/uploads\/2022\/10\/logo-hairdreams-weiss-large.png\" alt=\"\" data-image-width=\"300\" data-image-height=\"82\">\n                    <\/div>\n                  <\/div>\n                  <div class=\"u-container-style u-layout-cell u-size-20 u-layout-cell-5\">\n                    <div class=\"u-container-layout u-container-layout-5\">\n                      <img decoding=\"async\" class=\"u-image u-image-contain u-image-default u-image-5\" src=\"https:\/\/www.salondunkel.de\/wp-content\/uploads\/2022\/10\/wella-weiss-large.png\" alt=\"\" data-image-width=\"557\" data-image-height=\"349\">\n                    <\/div>\n                  <\/div>\n                  <div class=\"u-container-style u-layout-cell u-size-20 u-layout-cell-6\">\n                    <div class=\"u-container-layout u-valign-top-lg u-valign-top-md u-valign-top-xl u-container-layout-6\">\n                      <img decoding=\"async\" class=\"u-image u-image-contain u-image-default u-image-6\" src=\"https:\/\/www.salondunkel.de\/wp-content\/uploads\/2022\/10\/great-lengths-logo-weiss-large.png\" alt=\"\" data-image-width=\"600\" data-image-height=\"140\">\n                    <\/div>\n                  <\/div>\n                <\/div>\n              <\/div>\n            <\/div>\n          <\/div>\n        <\/div>\n      <\/div>\n    <\/section>\n    \n    \n    \n  \n","protected":false},"excerpt":{"rendered":"<p>Haareschneiden ist f\u00fcr uns nicht nur ein Handwerk &#8211; sondern pure Passion Frisuren sind heute im Beruf und Gesellschaft neben Kleidung und Accessoires ein wichtiges Element Ihrer Pers\u00f6nlichkeit. Seit 2007 steht Sandra Dunkel mit Ihrem sympathischen Team hinter der Philosophie&nbsp; Handwerk und K\u00f6nnen fachgerecht umzusetzen. Aufgrund unserer kompetenten Beratung in Schnitt, Farbe, Pflege und Styling &hellip; <a href=\"https:\/\/www.salondunkel.de\/?page_id=69\" class=\"more-link\">Continue reading<span class=\"screen-reader-text\"> &#8222;\u00dcber uns&#8220;<\/span><\/a><\/p>\n","protected":false},"author":1,"featured_media":0,"parent":0,"menu_order":3,"comment_status":"closed","ping_status":"closed","template":"","meta":{"footnotes":""},"class_list":["post-69","page","type-page","status-publish","hentry"],"_links":{"self":[{"href":"https:\/\/www.salondunkel.de\/index.php?rest_route=\/wp\/v2\/pages\/69","targetHints":{"allow":["GET"]}}],"collection":[{"href":"https:\/\/www.salondunkel.de\/index.php?rest_route=\/wp\/v2\/pages"}],"about":[{"href":"https:\/\/www.salondunkel.de\/index.php?rest_route=\/wp\/v2\/types\/page"}],"author":[{"embeddable":true,"href":"https:\/\/www.salondunkel.de\/index.php?rest_route=\/wp\/v2\/users\/1"}],"replies":[{"embeddable":true,"href":"https:\/\/www.salondunkel.de\/index.php?rest_route=%2Fwp%2Fv2%2Fcomments&post=69"}],"version-history":[{"count":2,"href":"https:\/\/www.salondunkel.de\/index.php?rest_route=\/wp\/v2\/pages\/69\/revisions"}],"predecessor-version":[{"id":115,"href":"https:\/\/www.salondunkel.de\/index.php?rest_route=\/wp\/v2\/pages\/69\/revisions\/115"}],"wp:attachment":[{"href":"https:\/\/www.salondunkel.de\/index.php?rest_route=%2Fwp%2Fv2%2Fmedia&parent=69"}],"curies":[{"name":"wp","href":"https:\/\/api.w.org\/{rel}","templated":true}]}}